{"id":1931,"date":"2014-11-24T12:05:35","date_gmt":"2014-11-24T12:05:35","guid":{"rendered":"http:\/\/llum-photographie.com\/about\/"},"modified":"2017-06-09T17:11:35","modified_gmt":"2017-06-09T17:11:35","slug":"about","status":"publish","type":"page","link":"https:\/\/llum-photographie.com\/es\/about\/","title":{"rendered":"Sobre"},"content":{"rendered":"<div class=\"page\" title=\"Page 1\">\n<div class=\"layoutArea\">\n<div class=\"column\">\n<p><img loading=\"lazy\" decoding=\"async\" class=\"aligncenter wp-image-795 size-full\" src=\"http:\/\/llum-photographie.com\/wp-content\/uploads\/2014\/11\/24-791-page\/Lucille-Caballero-photographe-portrait-200X200.jpg\" alt=\"Lucille-Caballero-photographe-portrait-200x200\" width=\"200\" height=\"200\" srcset=\"https:\/\/llum-photographie.com\/wp-content\/uploads\/2014\/11\/24-791-page\/Lucille-Caballero-photographe-portrait-200X200.jpg 200w, https:\/\/llum-photographie.com\/wp-content\/uploads\/2014\/11\/24-791-page\/Lucille-Caballero-photographe-portrait-200X200-150x150.jpg 150w, https:\/\/llum-photographie.com\/wp-content\/uploads\/2014\/11\/24-791-page\/Lucille-Caballero-photographe-portrait-200X200-80x80.jpg 80w, https:\/\/llum-photographie.com\/wp-content\/uploads\/2014\/11\/24-791-page\/Lucille-Caballero-photographe-portrait-200X200-160x160.jpg 160w\" sizes=\"(max-width: 200px) 100vw, 200px\" \/><\/p>\n<div class=\"page\" title=\"Page 2\">\n<div class=\"layoutArea\">\n<div class=\"column\">\n<p style=\"text-align: left;\">\u2022 Soy artista fot\u00f3grafa profesional &#8211; tengo un Master de fotograf\u00eda de la ENS Louis Lumi\u00e8re y una Licenciatura en Bellas Artes de Par\u00eds 1 la Sorbonne.<\/p>\n<p>Creo distinguirme por ser una fot\u00f3grafa con nivel t\u00e9cnico, y a la vez una artista visual. As\u00ed<br \/>\nfui expuesta en varias galer\u00edas y centros culturales de Europa y Argentina, y he recibido varios premios fotogr\u00e1ficos y cinematogr\u00e1ficos (Critics Week en el festival de Cannes 2011, Talento joven Finalista APPPF, Berlinale Talent Campus .. .) y participe regularmente en residencias artisticas. Encontrara aqui un poco de mi mundo y mi obra en este sitio : <a href=\"http:\/\/www.lucillecaballero.com\" target=\"_blank\" rel=\"noopener\">www.lucillecaballero.com<\/a><\/p>\n<p style=\"text-align: left;\">\u2022 \u2022 BODAS \u2022 \u2022<\/p>\n<p style=\"text-align: left;\">\u2022\u00a0M\u00e1s all\u00e1 de las calificaciones y habilidades, soy sobre todo una mujer fot\u00f3grafa discreta, con una mirada personal y sensible.<br \/>\nIntento sobre todo preservar espontaneidad, sin clich\u00e9s, sin poses forzadas, de manera a capturar de forma natural e instintiva, los momentos alegres que vivir\u00e1s.<\/p>\n<p style=\"text-align: left;\">\u2022 No soy un paparazzi! Ni en la envergadura ni en el enfoque.<br \/>\nNo acribillare ni a su abuela, ni a sus peque\u00f1os sobrinos! Pero estare all\u00ed, en todas partes, en toda discreci\u00f3n, para capturar todos los momentos alegres de este hermoso d\u00eda.<\/p>\n<p style=\"text-align: left;\">\u2022 Su boda es sin duda un momento importante de su vida, pero lo que importa es que disfrute del d\u00eda y de todas las expresiones de amor de su familia, amigos, y su esposo! &#8211; y que lo disfrute de manera relajda, libre, con buen humor y sin protocolo formal ! Por lo tanto, quiero evitar cualquier puesta en escena (\u00abmise en sc\u00e8ne\u00bb), si los interrumpo es porque usted me pidi\u00f3 un cierto tipo de im\u00e1genes (como por ejemplo, im\u00e1genes en grupo).<\/p>\n<p style=\"text-align: left;\">\u2022\u00a0Estoy a su escucha y abierta a sus sugerencias. No dude en ponerse en contacto conmigo si quiere que nos contactemos, estare feliz de contestar a sus preguntas!<\/p>\n<p>Lucille Caballero<\/p>\n<p><img loading=\"lazy\" decoding=\"async\" class=\"size-full wp-image-847 aligncenter\" src=\"http:\/\/llum-photographie.com\/temp\/wp-content\/uploads\/2014\/11\/24-791-page\/Heritage_Arrow_Decoration-LLUM.png\" alt=\"Heritage_Arrow_Decoration-LLUM\" width=\"50\" height=\"50\" \/><\/p>\n<p style=\"text-align: left;\">contact[@]llum-photographie.com \u2022 0033 6 86 26 60 36 \u2022<\/p>\n<p style=\"text-align: left;\">Estoy con sede en Marsella (sur de Francia), y hago muchas idas y vueltas a Par\u00eds. Organizo sesiones de fotos en Provenza, Par\u00eds, y de manera general en toda Francia y en el extranjero.<\/p>\n<p style=\"text-align: left;\">Hablo con fluidez franc\u00e9s \/ espa\u00f1ol (mi familia es argentina) \/ Ingl\u00e9s<\/p>\n<p style=\"text-align: left;\">Tambi\u00e9n estoy especializada en <a href=\"http:\/\/basileimages.com\" target=\"_blank\" rel=\"noopener\">fotograf\u00eda canina<\/a>, puede echar un vistazo a mi portfolio de fotograf\u00eda de perros y mascotas : <a href=\"http:\/\/basileimages.com\/\" target=\"_blank\" rel=\"noopener\">Basile&amp;Images<\/a><\/p>\n<p style=\"text-align: left;\">Y aqu\u00ed mi trabajo personal y art\u00edstico\u00a0:\u00a0<a href=\"http:\/\/www.lucillecaballero.com\/\" target=\"_blank\" rel=\"noopener\">www.lucillecaballero.com<\/a><\/p>\n<p>&nbsp;<\/p>\n<p>&nbsp;<\/p>\n<\/div>\n<\/div>\n<\/div>\n<\/div>\n<\/div>\n<\/div>\n","protected":false},"excerpt":{"rendered":"<p>\u2022 Soy artista fot\u00f3grafa profesional &#8211; tengo un Master de fotograf\u00eda de la ENS Louis Lumi\u00e8re y una Licenciatura en Bellas Artes de Par\u00eds 1 la Sorbonne. Creo distinguirme por ser una fot\u00f3grafa con nivel t\u00e9cnico, y a la vez una artista visual. As\u00ed fui expuesta en varias galer\u00edas y centros culturales de Europa y [&hellip;]<\/p>\n","protected":false},"author":1,"featured_media":0,"parent":0,"menu_order":0,"comment_status":"closed","ping_status":"closed","template":"","meta":{"footnotes":""},"yoast_head":"<!-- This site is optimized with the Yoast SEO plugin v22.1 - https:\/\/yoast.com\/wordpress\/plugins\/seo\/ -->\n<title>Sobre &#8226; LLUM Photographie by Lucille<\/title>\n<meta name=\"robots\" content=\"index, follow, max-snippet:-1, max-image-preview:large, max-video-preview:-1\" \/>\n<link rel=\"canonical\" href=\"https:\/\/llum-photographie.com\/es\/about\/\" \/>\n<meta property=\"og:locale\" content=\"es_ES\" \/>\n<meta property=\"og:type\" content=\"article\" \/>\n<meta property=\"og:title\" content=\"Sobre &#8226; LLUM Photographie by Lucille\" \/>\n<meta property=\"og:description\" content=\"\u2022 Soy artista fot\u00f3grafa profesional &#8211; tengo un Master de fotograf\u00eda de la ENS Louis Lumi\u00e8re y una Licenciatura en Bellas Artes de Par\u00eds 1 la Sorbonne. Creo distinguirme por ser una fot\u00f3grafa con nivel t\u00e9cnico, y a la vez una artista visual. As\u00ed fui expuesta en varias galer\u00edas y centros culturales de Europa y [&hellip;]\" \/>\n<meta property=\"og:url\" content=\"https:\/\/llum-photographie.com\/es\/about\/\" \/>\n<meta property=\"og:site_name\" content=\"LLUM Photographie by Lucille\" \/>\n<meta property=\"article:publisher\" content=\"https:\/\/www.facebook.com\/llum.photographie\/\" \/>\n<meta property=\"article:modified_time\" content=\"2017-06-09T17:11:35+00:00\" \/>\n<meta property=\"og:image\" content=\"http:\/\/llum-photographie.com\/wp-content\/uploads\/2014\/11\/24-791-page\/Lucille-Caballero-photographe-portrait-200X200.jpg\" \/>\n<meta name=\"twitter:card\" content=\"summary_large_image\" \/>\n<meta name=\"twitter:label1\" content=\"Tiempo de lectura\" \/>\n\t<meta name=\"twitter:data1\" content=\"2 minutos\" \/>\n<script type=\"application\/ld+json\" class=\"yoast-schema-graph\">{\"@context\":\"https:\/\/schema.org\",\"@graph\":[{\"@type\":\"WebPage\",\"@id\":\"https:\/\/llum-photographie.com\/es\/about\/\",\"url\":\"https:\/\/llum-photographie.com\/es\/about\/\",\"name\":\"Sobre &#8226; LLUM Photographie by Lucille\",\"isPartOf\":{\"@id\":\"https:\/\/llum-photographie.com\/#website\"},\"datePublished\":\"2014-11-24T12:05:35+00:00\",\"dateModified\":\"2017-06-09T17:11:35+00:00\",\"breadcrumb\":{\"@id\":\"https:\/\/llum-photographie.com\/es\/about\/#breadcrumb\"},\"inLanguage\":\"es\",\"potentialAction\":[{\"@type\":\"ReadAction\",\"target\":[\"https:\/\/llum-photographie.com\/es\/about\/\"]}]},{\"@type\":\"BreadcrumbList\",\"@id\":\"https:\/\/llum-photographie.com\/es\/about\/#breadcrumb\",\"itemListElement\":[{\"@type\":\"ListItem\",\"position\":1,\"name\":\"Accueil\",\"item\":\"https:\/\/llum-photographie.com\/es\/\"},{\"@type\":\"ListItem\",\"position\":2,\"name\":\"Sobre\"}]},{\"@type\":\"WebSite\",\"@id\":\"https:\/\/llum-photographie.com\/#website\",\"url\":\"https:\/\/llum-photographie.com\/\",\"name\":\"LLUM Photographie by Lucille\",\"description\":\"Auteur photographe sp\u00e9cialis\u00e9e en Mariage \/ Couple \/ Evenementiel \u00e0 Paris \/ Marseille \/ Partout en France\",\"potentialAction\":[{\"@type\":\"SearchAction\",\"target\":{\"@type\":\"EntryPoint\",\"urlTemplate\":\"https:\/\/llum-photographie.com\/?s={search_term_string}\"},\"query-input\":\"required name=search_term_string\"}],\"inLanguage\":\"es\"}]}<\/script>\n<!-- \/ Yoast SEO plugin. -->","yoast_head_json":{"title":"Sobre &#8226; LLUM Photographie by Lucille","robots":{"index":"index","follow":"follow","max-snippet":"max-snippet:-1","max-image-preview":"max-image-preview:large","max-video-preview":"max-video-preview:-1"},"canonical":"https:\/\/llum-photographie.com\/es\/about\/","og_locale":"es_ES","og_type":"article","og_title":"Sobre &#8226; LLUM Photographie by Lucille","og_description":"\u2022 Soy artista fot\u00f3grafa profesional &#8211; tengo un Master de fotograf\u00eda de la ENS Louis Lumi\u00e8re y una Licenciatura en Bellas Artes de Par\u00eds 1 la Sorbonne. Creo distinguirme por ser una fot\u00f3grafa con nivel t\u00e9cnico, y a la vez una artista visual. As\u00ed fui expuesta en varias galer\u00edas y centros culturales de Europa y [&hellip;]","og_url":"https:\/\/llum-photographie.com\/es\/about\/","og_site_name":"LLUM Photographie by Lucille","article_publisher":"https:\/\/www.facebook.com\/llum.photographie\/","article_modified_time":"2017-06-09T17:11:35+00:00","og_image":[{"url":"http:\/\/llum-photographie.com\/wp-content\/uploads\/2014\/11\/24-791-page\/Lucille-Caballero-photographe-portrait-200X200.jpg"}],"twitter_card":"summary_large_image","twitter_misc":{"Tiempo de lectura":"2 minutos"},"schema":{"@context":"https:\/\/schema.org","@graph":[{"@type":"WebPage","@id":"https:\/\/llum-photographie.com\/es\/about\/","url":"https:\/\/llum-photographie.com\/es\/about\/","name":"Sobre &#8226; LLUM Photographie by Lucille","isPartOf":{"@id":"https:\/\/llum-photographie.com\/#website"},"datePublished":"2014-11-24T12:05:35+00:00","dateModified":"2017-06-09T17:11:35+00:00","breadcrumb":{"@id":"https:\/\/llum-photographie.com\/es\/about\/#breadcrumb"},"inLanguage":"es","potentialAction":[{"@type":"ReadAction","target":["https:\/\/llum-photographie.com\/es\/about\/"]}]},{"@type":"BreadcrumbList","@id":"https:\/\/llum-photographie.com\/es\/about\/#breadcrumb","itemListElement":[{"@type":"ListItem","position":1,"name":"Accueil","item":"https:\/\/llum-photographie.com\/es\/"},{"@type":"ListItem","position":2,"name":"Sobre"}]},{"@type":"WebSite","@id":"https:\/\/llum-photographie.com\/#website","url":"https:\/\/llum-photographie.com\/","name":"LLUM Photographie by Lucille","description":"Auteur photographe sp\u00e9cialis\u00e9e en Mariage \/ Couple \/ Evenementiel \u00e0 Paris \/ Marseille \/ Partout en France","potentialAction":[{"@type":"SearchAction","target":{"@type":"EntryPoint","urlTemplate":"https:\/\/llum-photographie.com\/?s={search_term_string}"},"query-input":"required name=search_term_string"}],"inLanguage":"es"}]}},"_links":{"self":[{"href":"https:\/\/llum-photographie.com\/es\/wp-json\/wp\/v2\/pages\/1931\/"}],"collection":[{"href":"https:\/\/llum-photographie.com\/es\/wp-json\/wp\/v2\/pages\/"}],"about":[{"href":"https:\/\/llum-photographie.com\/es\/wp-json\/wp\/v2\/types\/page\/"}],"author":[{"embeddable":true,"href":"https:\/\/llum-photographie.com\/es\/wp-json\/wp\/v2\/users\/1\/"}],"replies":[{"embeddable":true,"href":"https:\/\/llum-photographie.com\/es\/wp-json\/wp\/v2\/comments\/?post=1931"}],"version-history":[{"count":6,"href":"https:\/\/llum-photographie.com\/es\/wp-json\/wp\/v2\/pages\/1931\/revisions\/"}],"predecessor-version":[{"id":2172,"href":"https:\/\/llum-photographie.com\/es\/wp-json\/wp\/v2\/pages\/1931\/revisions\/2172\/"}],"wp:attachment":[{"href":"https:\/\/llum-photographie.com\/es\/wp-json\/wp\/v2\/media\/?parent=1931"}],"curies":[{"name":"wp","href":"https:\/\/api.w.org\/{rel}","templated":true}]}}