{"id":1939,"date":"2014-11-20T14:12:29","date_gmt":"2014-11-20T14:12:29","guid":{"rendered":"http:\/\/llum-photographie.com\/info-tarifs\/"},"modified":"2021-09-02T16:13:56","modified_gmt":"2021-09-02T16:13:56","slug":"prices","status":"publish","type":"page","link":"https:\/\/llum-photographie.com\/es\/prices\/","title":{"rendered":"Tarifas"},"content":{"rendered":"<p>\u2022 Bodas \u2022<\/p>\n<p>Dia de boda a partir de 1300 euros (fotograf\u00edas editadas, retocadas y entregadas en alta definici\u00f3n en una caja personalizada con llave USB) -Si su boda no requiere mi presencia por la ma\u00f1ana para los preparativos, no dude en contactarme para que pueda darle un presupuesto personalizado.<\/p>\n<p>Si tu boda tiene lugar durante la semana, fuera de temporada (mediados de octubre a mediados de abril), si quieres que est\u00e9 presente para un momento en particular (solo el ayuntamiento y algunas fotos de pareja, por ejemplo) no dudes en contactarme, te ofrecer\u00e9 un presupuesto personalizado.<\/p>\n<p>&nbsp;<\/p>\n<p>\u2022 Sesi\u00f3n de fotos (honeymoon, fotos de familia, de pareja, embarazo, retrato &#8230; ) \u2022<\/p>\n<p>A partir de 350 euros (fotograf\u00edas editadas, retocadas y entregadas en alta definici\u00f3n)<\/p>\n<p>&nbsp;<\/p>\n<p>&#8211;<\/p>\n<p>Ponga se en contacto conmigo para obtener m\u00e1s informaci\u00f3n y \/ o para cualquier otro tipo de cotizaci\u00f3n, le contestar\u00e9 \u00a0con mucho gusto!<\/p>\n<p>\u2022 \u2022 \u00a0Lucille \u00a0\u2022 \u2022<\/p>\n<p>&nbsp;<\/p>\n<p>&nbsp;<\/p>\n<p>&nbsp;<\/p>\n","protected":false},"excerpt":{"rendered":"<p>\u2022 Bodas \u2022 Dia de boda a partir de 1300 euros (fotograf\u00edas editadas, retocadas y entregadas en alta definici\u00f3n en una caja personalizada con llave USB) -Si su boda no requiere mi presencia por la ma\u00f1ana para los preparativos, no dude en contactarme para que pueda darle un presupuesto personalizado. Si tu boda tiene lugar [&hellip;]<\/p>\n","protected":false},"author":1,"featured_media":0,"parent":0,"menu_order":0,"comment_status":"closed","ping_status":"closed","template":"","meta":{"footnotes":""},"yoast_head":"<!-- This site is optimized with the Yoast SEO plugin v22.1 - https:\/\/yoast.com\/wordpress\/plugins\/seo\/ -->\n<title>Tarifas &#8226; LLUM Photographie by Lucille<\/title>\n<meta name=\"robots\" content=\"index, follow, max-snippet:-1, max-image-preview:large, max-video-preview:-1\" \/>\n<link rel=\"canonical\" href=\"https:\/\/llum-photographie.com\/es\/prices\/\" \/>\n<meta property=\"og:locale\" content=\"es_ES\" \/>\n<meta property=\"og:type\" content=\"article\" \/>\n<meta property=\"og:title\" content=\"Tarifas &#8226; LLUM Photographie by Lucille\" \/>\n<meta property=\"og:description\" content=\"\u2022 Bodas \u2022 Dia de boda a partir de 1300 euros (fotograf\u00edas editadas, retocadas y entregadas en alta definici\u00f3n en una caja personalizada con llave USB) -Si su boda no requiere mi presencia por la ma\u00f1ana para los preparativos, no dude en contactarme para que pueda darle un presupuesto personalizado. Si tu boda tiene lugar [&hellip;]\" \/>\n<meta property=\"og:url\" content=\"https:\/\/llum-photographie.com\/es\/prices\/\" \/>\n<meta property=\"og:site_name\" content=\"LLUM Photographie by Lucille\" \/>\n<meta property=\"article:publisher\" content=\"https:\/\/www.facebook.com\/llum.photographie\/\" \/>\n<meta property=\"article:modified_time\" content=\"2021-09-02T16:13:56+00:00\" \/>\n<meta name=\"twitter:card\" content=\"summary_large_image\" \/>\n<meta name=\"twitter:label1\" content=\"Tiempo de lectura\" \/>\n\t<meta name=\"twitter:data1\" content=\"1 minuto\" \/>\n<script type=\"application\/ld+json\" class=\"yoast-schema-graph\">{\"@context\":\"https:\/\/schema.org\",\"@graph\":[{\"@type\":\"WebPage\",\"@id\":\"https:\/\/llum-photographie.com\/es\/prices\/\",\"url\":\"https:\/\/llum-photographie.com\/es\/prices\/\",\"name\":\"Tarifas &#8226; LLUM Photographie by Lucille\",\"isPartOf\":{\"@id\":\"https:\/\/llum-photographie.com\/#website\"},\"datePublished\":\"2014-11-20T14:12:29+00:00\",\"dateModified\":\"2021-09-02T16:13:56+00:00\",\"breadcrumb\":{\"@id\":\"https:\/\/llum-photographie.com\/es\/prices\/#breadcrumb\"},\"inLanguage\":\"es\",\"potentialAction\":[{\"@type\":\"ReadAction\",\"target\":[\"https:\/\/llum-photographie.com\/es\/prices\/\"]}]},{\"@type\":\"BreadcrumbList\",\"@id\":\"https:\/\/llum-photographie.com\/es\/prices\/#breadcrumb\",\"itemListElement\":[{\"@type\":\"ListItem\",\"position\":1,\"name\":\"Accueil\",\"item\":\"https:\/\/llum-photographie.com\/es\/\"},{\"@type\":\"ListItem\",\"position\":2,\"name\":\"Tarifas\"}]},{\"@type\":\"WebSite\",\"@id\":\"https:\/\/llum-photographie.com\/#website\",\"url\":\"https:\/\/llum-photographie.com\/\",\"name\":\"LLUM Photographie by Lucille\",\"description\":\"Auteur photographe sp\u00e9cialis\u00e9e en Mariage \/ Couple \/ Evenementiel \u00e0 Paris \/ Marseille \/ Partout en France\",\"potentialAction\":[{\"@type\":\"SearchAction\",\"target\":{\"@type\":\"EntryPoint\",\"urlTemplate\":\"https:\/\/llum-photographie.com\/?s={search_term_string}\"},\"query-input\":\"required name=search_term_string\"}],\"inLanguage\":\"es\"}]}<\/script>\n<!-- \/ Yoast SEO plugin. -->","yoast_head_json":{"title":"Tarifas &#8226; LLUM Photographie by Lucille","robots":{"index":"index","follow":"follow","max-snippet":"max-snippet:-1","max-image-preview":"max-image-preview:large","max-video-preview":"max-video-preview:-1"},"canonical":"https:\/\/llum-photographie.com\/es\/prices\/","og_locale":"es_ES","og_type":"article","og_title":"Tarifas &#8226; LLUM Photographie by Lucille","og_description":"\u2022 Bodas \u2022 Dia de boda a partir de 1300 euros (fotograf\u00edas editadas, retocadas y entregadas en alta definici\u00f3n en una caja personalizada con llave USB) -Si su boda no requiere mi presencia por la ma\u00f1ana para los preparativos, no dude en contactarme para que pueda darle un presupuesto personalizado. Si tu boda tiene lugar [&hellip;]","og_url":"https:\/\/llum-photographie.com\/es\/prices\/","og_site_name":"LLUM Photographie by Lucille","article_publisher":"https:\/\/www.facebook.com\/llum.photographie\/","article_modified_time":"2021-09-02T16:13:56+00:00","twitter_card":"summary_large_image","twitter_misc":{"Tiempo de lectura":"1 minuto"},"schema":{"@context":"https:\/\/schema.org","@graph":[{"@type":"WebPage","@id":"https:\/\/llum-photographie.com\/es\/prices\/","url":"https:\/\/llum-photographie.com\/es\/prices\/","name":"Tarifas &#8226; LLUM Photographie by Lucille","isPartOf":{"@id":"https:\/\/llum-photographie.com\/#website"},"datePublished":"2014-11-20T14:12:29+00:00","dateModified":"2021-09-02T16:13:56+00:00","breadcrumb":{"@id":"https:\/\/llum-photographie.com\/es\/prices\/#breadcrumb"},"inLanguage":"es","potentialAction":[{"@type":"ReadAction","target":["https:\/\/llum-photographie.com\/es\/prices\/"]}]},{"@type":"BreadcrumbList","@id":"https:\/\/llum-photographie.com\/es\/prices\/#breadcrumb","itemListElement":[{"@type":"ListItem","position":1,"name":"Accueil","item":"https:\/\/llum-photographie.com\/es\/"},{"@type":"ListItem","position":2,"name":"Tarifas"}]},{"@type":"WebSite","@id":"https:\/\/llum-photographie.com\/#website","url":"https:\/\/llum-photographie.com\/","name":"LLUM Photographie by Lucille","description":"Auteur photographe sp\u00e9cialis\u00e9e en Mariage \/ Couple \/ Evenementiel \u00e0 Paris \/ Marseille \/ Partout en France","potentialAction":[{"@type":"SearchAction","target":{"@type":"EntryPoint","urlTemplate":"https:\/\/llum-photographie.com\/?s={search_term_string}"},"query-input":"required name=search_term_string"}],"inLanguage":"es"}]}},"_links":{"self":[{"href":"https:\/\/llum-photographie.com\/es\/wp-json\/wp\/v2\/pages\/1939\/"}],"collection":[{"href":"https:\/\/llum-photographie.com\/es\/wp-json\/wp\/v2\/pages\/"}],"about":[{"href":"https:\/\/llum-photographie.com\/es\/wp-json\/wp\/v2\/types\/page\/"}],"author":[{"embeddable":true,"href":"https:\/\/llum-photographie.com\/es\/wp-json\/wp\/v2\/users\/1\/"}],"replies":[{"embeddable":true,"href":"https:\/\/llum-photographie.com\/es\/wp-json\/wp\/v2\/comments\/?post=1939"}],"version-history":[{"count":10,"href":"https:\/\/llum-photographie.com\/es\/wp-json\/wp\/v2\/pages\/1939\/revisions\/"}],"predecessor-version":[{"id":4751,"href":"https:\/\/llum-photographie.com\/es\/wp-json\/wp\/v2\/pages\/1939\/revisions\/4751\/"}],"wp:attachment":[{"href":"https:\/\/llum-photographie.com\/es\/wp-json\/wp\/v2\/media\/?parent=1939"}],"curies":[{"name":"wp","href":"https:\/\/api.w.org\/{rel}","templated":true}]}}